{"id":421,"date":"2023-12-05T06:33:35","date_gmt":"2023-12-05T05:33:35","guid":{"rendered":"https:\/\/extraopona.nsfera.pl\/?post_type=product&#038;p=421"},"modified":"2023-12-05T06:33:52","modified_gmt":"2023-12-05T05:33:52","slug":"spark-black","status":"publish","type":"product","link":"https:\/\/extraopona.nsfera.pl\/index.php\/produkt\/spark-black\/","title":{"rendered":"Spark Black"},"content":{"rendered":"<p>Anzio Spark Black to felgi aluminiowe charakteryzuj\u0105ce si\u0119 podw\u00f3jnymi ramionami i dwukolorowym wyko\u0144czeniem. Taka stylistyka nada ka\u017cdemu samochodowi wyj\u0105tkowy sportowy wygl\u0105d. Z felgami Anzio Spark Black Tw\u00f3j pojazd b\u0119dzie prezentowa\u0142 si\u0119 wyj\u0105tkowo agresywnie i dynamicznie. Z tymi obr\u0119czami odmienisz go nie do poznania &#8211; w ko\u0144cu felgi to a\u017c 25% powierzchni bocznej samochodu!<\/p>\n","protected":false},"excerpt":{"rendered":"<p>Anzio Spark Black to felgi aluminiowe charakteryzuj\u0105ce si\u0119 podw\u00f3jnymi ramionami i dwukolorowym wyko\u0144czeniem. Taka stylistyka nada ka\u017cdemu samochodowi wyj\u0105tkowy sportowy wygl\u0105d. Z felgami Anzio Spark Black Tw\u00f3j pojazd b\u0119dzie prezentowa\u0142 si\u0119 wyj\u0105tkowo agresywnie i dynamicznie. Z tymi obr\u0119czami odmienisz go nie do poznania &#8211; w ko\u0144cu felgi to a\u017c 25% powierzchni bocznej samochodu!<\/p>\n","protected":false},"featured_media":422,"comment_status":"open","ping_status":"closed","template":"","meta":[],"product_brand":[],"product_cat":[15,125],"product_tag":[],"class_list":{"0":"post-421","1":"product","2":"type-product","3":"status-publish","4":"has-post-thumbnail","6":"product_cat-bez-kategorii","7":"product_cat-felgi-aluminiowe-felgi","9":"first","10":"instock","11":"taxable","12":"shipping-taxable","13":"purchasable","14":"product-type-simple"},"_links":{"self":[{"href":"https:\/\/extraopona.nsfera.pl\/index.php\/wp-json\/wp\/v2\/product\/421","targetHints":{"allow":["GET"]}}],"collection":[{"href":"https:\/\/extraopona.nsfera.pl\/index.php\/wp-json\/wp\/v2\/product"}],"about":[{"href":"https:\/\/extraopona.nsfera.pl\/index.php\/wp-json\/wp\/v2\/types\/product"}],"replies":[{"embeddable":true,"href":"https:\/\/extraopona.nsfera.pl\/index.php\/wp-json\/wp\/v2\/comments?post=421"}],"wp:featuredmedia":[{"embeddable":true,"href":"https:\/\/extraopona.nsfera.pl\/index.php\/wp-json\/wp\/v2\/media\/422"}],"wp:attachment":[{"href":"https:\/\/extraopona.nsfera.pl\/index.php\/wp-json\/wp\/v2\/media?parent=421"}],"wp:term":[{"taxonomy":"product_brand","embeddable":true,"href":"https:\/\/extraopona.nsfera.pl\/index.php\/wp-json\/wp\/v2\/product_brand?post=421"},{"taxonomy":"product_cat","embeddable":true,"href":"https:\/\/extraopona.nsfera.pl\/index.php\/wp-json\/wp\/v2\/product_cat?post=421"},{"taxonomy":"product_tag","embeddable":true,"href":"https:\/\/extraopona.nsfera.pl\/index.php\/wp-json\/wp\/v2\/product_tag?post=421"}],"curies":[{"name":"wp","href":"https:\/\/api.w.org\/{rel}","templated":true}]}}