{"id":23,"date":"2023-11-20T11:41:06","date_gmt":"2023-11-20T10:41:06","guid":{"rendered":"https:\/\/extraopona.nsfera.pl\/?post_type=product&#038;p=23"},"modified":"2024-03-18T08:17:36","modified_gmt":"2024-03-18T07:17:36","slug":"nordexx-fast-move-3","status":"publish","type":"product","link":"https:\/\/extraopona.nsfera.pl\/index.php\/produkt\/nordexx-fast-move-3\/","title":{"rendered":"FAST MOVE 3"},"content":{"rendered":"<div class=\"flex-1 overflow-hidden\">\n<div class=\"react-scroll-to-bottom--css-aoqde-79elbk h-full\">\n<div class=\"react-scroll-to-bottom--css-aoqde-1n7m0yu\">\n<div class=\"flex flex-col text-sm gizmo:pb-9 dark:bg-gray-800 gizmo:dark:bg-transparent\">\n<div class=\"w-full text-token-text-primary border-b border-black\/10 gizmo:border-0 dark:border-gray-900\/50 gizmo:dark:border-0 bg-gray-50 gizmo:bg-transparent dark:bg-[#444654] gizmo:dark:bg-transparent\" data-testid=\"conversation-turn-11\">\n<div class=\"p-4 gizmo:py-2 justify-center text-base md:gap-6 md:py-6 m-auto\">\n<div class=\"flex flex-1 gap-4 text-base mx-auto md:gap-6 gizmo:gap-3 gizmo:md:px-5 gizmo:lg:px-1 gizmo:xl:px-5 md:max-w-2xl lg:max-w-[38rem] gizmo:md:max-w-3xl gizmo:lg:max-w-[40rem] gizmo:xl:max-w-[48rem] xl:max-w-3xl } group final-completion\">\n<div class=\"relative flex w-[calc(100%-50px)] flex-col gizmo:w-full lg:w-[calc(100%-115px)] agent-turn\">\n<div class=\"flex-col gap-1 md:gap-3\">\n<div class=\"flex flex-grow flex-col max-w-full gap-3 gizmo:gap-0\">\n<div class=\"min-h-[20px] text-message flex flex-col items-start gap-3 whitespace-pre-wrap break-words [.text-message+&amp;]:mt-5 overflow-x-auto\" data-message-author-role=\"assistant\" data-message-id=\"dcf30130-a689-48d7-929e-58174c16f87c\">\n<div class=\"markdown prose w-full break-words dark:prose-invert dark\">\n<p>Opona NORDEXX FAST MOVE 3 to doskona\u0142e po\u0142\u0105czenie innowacyjnej technologii i wydajno\u015bci, kt\u00f3re zrewolucjonizuj\u0105 Twoje do\u015bwiadczenia z jazdy. Zaprojektowana z my\u015bl\u0105 o dynamicznych warunkach na drodze, ta opona oferuje doskona\u0142\u0105 przyczepno\u015b\u0107 i stabilno\u015b\u0107, zapewniaj\u0105c bezpiecze\u0144stwo i pewno\u015b\u0107 manewr\u00f3w na ka\u017cdym etapie podr\u00f3\u017cy.<\/p>\n<p>Dzi\u0119ki zaawansowanej mieszance gumowej NORDEXX FAST MOVE 3 doskonale radzi sobie zar\u00f3wno na suchych, jak i mokrych nawierzchniach. Bie\u017cnik opony zosta\u0142 precyzyjnie zaprojektowany, aby zapewni\u0107 optymaln\u0105 trakcj\u0119 i skuteczno\u015b\u0107 hamowania. To sprawia, \u017ce NORDEXX FAST MOVE 3 doskonale sprawdza si\u0119 w r\u00f3\u017cnorodnych warunkach atmosferycznych, dostarczaj\u0105c bezpieczn\u0105 jazd\u0119 w ka\u017cdych okoliczno\u015bciach.<\/p>\n<p>Innowacyjna konstrukcja opony minimalizuje op\u00f3r toczenia, co przek\u0142ada si\u0119 na oszcz\u0119dno\u015b\u0107 paliwa i ekologiczn\u0105 jazd\u0119. NORDEXX FAST MOVE 3 to nie tylko produkt wysokiej jako\u015bci, ale tak\u017ce gwarancja komfortu podr\u00f3\u017cy. Dzi\u0119ki doskona\u0142ej absorpcji wstrz\u0105s\u00f3w opona eliminuje nieprzyjemne drgania, zapewniaj\u0105c p\u0142ynn\u0105 i cich\u0105 jazd\u0119.<\/p>\n<p>Wybieraj\u0105c NORDEXX FAST MOVE 3, decydujesz si\u0119 na opon\u0119, kt\u00f3ra nie tylko podnosi poziom bezpiecze\u0144stwa, ale r\u00f3wnie\u017c dostarcza niezapomniane wra\u017cenia z jazdy. Gotowy na ekscytuj\u0105c\u0105 podr\u00f3\u017c? NORDEXX FAST MOVE 3 jest gotowa na ka\u017cde wyzwanie drogowe!<\/p>\n<\/div>\n<\/div>\n<\/div>\n<div class=\"flex justify-between empty:hidden gizmo:mt-1 gizmo:justify-start gizmo:gap-3 lg:block gizmo:lg:flex\">\n<div class=\"text-gray-400 flex self-end lg:self-center justify-center gizmo:lg:justify-start mt-2 gizmo:mt-0 visible gap-1\">\n<p>&nbsp;<\/p>\n<div class=\"flex gap-1\"><\/div>\n<div class=\"flex items-center gap-1.5 text-xs\"><\/div>\n<\/div>\n<\/div>\n<\/div>\n<\/div>\n<\/div>\n<\/div>\n<\/div>\n<\/div>\n<\/div>\n<\/div>\n<\/div>\n<div class=\"w-full pt-2 md:pt-0 border-t md:border-t-0 gizmo:border-t-0 dark:border-white\/20 md:border-transparent md:dark:border-transparent md:pl-2 gizmo:pl-0 gizmo:md:pl-0 md:w-[calc(100%-.5rem)]\">\n<form class=\"stretch mx-2 flex flex-row gap-3 last:mb-2 md:mx-4 md:last:mb-6 lg:mx-auto lg:max-w-2xl xl:max-w-3xl\">\n<div class=\"relative flex h-full flex-1 items-stretch md:flex-col\">\n<div class=\"flex w-full items-center\"><\/div>\n<\/div>\n<\/form>\n<\/div>\n","protected":false},"excerpt":{"rendered":"<p>Opona NORDEXX FAST MOVE 3 to doskona\u0142e po\u0142\u0105czenie innowacyjnej technologii i wydajno\u015bci, kt\u00f3re zrewolucjonizuj\u0105 Twoje do\u015bwiadczenia z jazdy. Zaprojektowana z my\u015bl\u0105 o dynamicznych warunkach na drodze, ta opona oferuje doskona\u0142\u0105 przyczepno\u015b\u0107 i stabilno\u015b\u0107, zapewniaj\u0105c bezpiecze\u0144stwo i pewno\u015b\u0107 manewr\u00f3w na ka\u017cdym etapie podr\u00f3\u017cy.<\/p>\n","protected":false},"featured_media":24,"comment_status":"open","ping_status":"closed","template":"","meta":[],"product_brand":[],"product_cat":[17],"product_tag":[21],"class_list":{"0":"post-23","1":"product","2":"type-product","3":"status-publish","4":"has-post-thumbnail","6":"product_cat-osobowe","7":"product_tag-letnie","9":"first","10":"instock","11":"sale","12":"featured","13":"taxable","14":"shipping-taxable","15":"purchasable","16":"product-type-variable","17":"has-default-attributes"},"_links":{"self":[{"href":"https:\/\/extraopona.nsfera.pl\/index.php\/wp-json\/wp\/v2\/product\/23","targetHints":{"allow":["GET"]}}],"collection":[{"href":"https:\/\/extraopona.nsfera.pl\/index.php\/wp-json\/wp\/v2\/product"}],"about":[{"href":"https:\/\/extraopona.nsfera.pl\/index.php\/wp-json\/wp\/v2\/types\/product"}],"replies":[{"embeddable":true,"href":"https:\/\/extraopona.nsfera.pl\/index.php\/wp-json\/wp\/v2\/comments?post=23"}],"wp:featuredmedia":[{"embeddable":true,"href":"https:\/\/extraopona.nsfera.pl\/index.php\/wp-json\/wp\/v2\/media\/24"}],"wp:attachment":[{"href":"https:\/\/extraopona.nsfera.pl\/index.php\/wp-json\/wp\/v2\/media?parent=23"}],"wp:term":[{"taxonomy":"product_brand","embeddable":true,"href":"https:\/\/extraopona.nsfera.pl\/index.php\/wp-json\/wp\/v2\/product_brand?post=23"},{"taxonomy":"product_cat","embeddable":true,"href":"https:\/\/extraopona.nsfera.pl\/index.php\/wp-json\/wp\/v2\/product_cat?post=23"},{"taxonomy":"product_tag","embeddable":true,"href":"https:\/\/extraopona.nsfera.pl\/index.php\/wp-json\/wp\/v2\/product_tag?post=23"}],"curies":[{"name":"wp","href":"https:\/\/api.w.org\/{rel}","templated":true}]}}