{"id":225,"date":"2023-11-23T13:05:26","date_gmt":"2023-11-23T12:05:26","guid":{"rendered":"https:\/\/extraopona.nsfera.pl\/?post_type=product&#038;p=225"},"modified":"2023-11-30T11:01:43","modified_gmt":"2023-11-30T10:01:43","slug":"winter-icept-evo2-w320","status":"publish","type":"product","link":"https:\/\/extraopona.nsfera.pl\/index.php\/produkt\/winter-icept-evo2-w320\/","title":{"rendered":"NU 7000"},"content":{"rendered":"<p>Szukasz opon zimowych o zr\u00f3wnowa\u017conych w\u0142a\u015bciwo\u015bciach i kr\u00f3tkiej drodze hamowania? Hankook Winter i*cept evo2 W320 jest doskona\u0142\u0105 propozycj\u0105 dla Ciebie. Nowoczesny asymetryczny wz\u00f3r bie\u017cnika zapewnia dobre osi\u0105gi zar\u00f3wno na suchej, jak i na mokrej nawierzchni.<\/p>\n<p>Szerokie rowki rozpraszaj\u0105 wod\u0119 i b\u0142oto (widoczne na zdj\u0119ciu obok) na boki, a specjalne rowki \u201e\u015bnie\u017cne\u201d efektywnie odprowadzaj\u0105 \u015bnieg spod czo\u0142a opony. Dwa szerokie, proste rowki zapewniaj\u0105 stabilne prowadzenie na za\u015bnie\u017conej i mokrej jezdni. Zmniejszaj\u0105 one ryzyko powstawania wibracji podczas jazdy i minimalizuj\u0105 prawdopodobie\u0144stwo niebezpiecznego aquaplaningu.<\/p>\n","protected":false},"excerpt":{"rendered":"<p>Szukasz opon zimowych o zr\u00f3wnowa\u017conych w\u0142a\u015bciwo\u015bciach i kr\u00f3tkiej drodze hamowania? Hankook Winter i*cept evo2 W320 jest doskona\u0142\u0105 propozycj\u0105 dla Ciebie. Nowoczesny asymetryczny wz\u00f3r bie\u017cnika zapewnia dobre osi\u0105gi zar\u00f3wno na suchej, jak i na mokrej nawierzchni.<\/p>\n","protected":false},"featured_media":18,"comment_status":"open","ping_status":"closed","template":"","meta":[],"product_brand":[],"product_cat":[17],"product_tag":[],"class_list":{"0":"post-225","1":"product","2":"type-product","3":"status-publish","4":"has-post-thumbnail","6":"product_cat-osobowe","8":"first","9":"instock","10":"sale","11":"taxable","12":"shipping-taxable","13":"purchasable","14":"product-type-simple"},"_links":{"self":[{"href":"https:\/\/extraopona.nsfera.pl\/index.php\/wp-json\/wp\/v2\/product\/225","targetHints":{"allow":["GET"]}}],"collection":[{"href":"https:\/\/extraopona.nsfera.pl\/index.php\/wp-json\/wp\/v2\/product"}],"about":[{"href":"https:\/\/extraopona.nsfera.pl\/index.php\/wp-json\/wp\/v2\/types\/product"}],"replies":[{"embeddable":true,"href":"https:\/\/extraopona.nsfera.pl\/index.php\/wp-json\/wp\/v2\/comments?post=225"}],"wp:featuredmedia":[{"embeddable":true,"href":"https:\/\/extraopona.nsfera.pl\/index.php\/wp-json\/wp\/v2\/media\/18"}],"wp:attachment":[{"href":"https:\/\/extraopona.nsfera.pl\/index.php\/wp-json\/wp\/v2\/media?parent=225"}],"wp:term":[{"taxonomy":"product_brand","embeddable":true,"href":"https:\/\/extraopona.nsfera.pl\/index.php\/wp-json\/wp\/v2\/product_brand?post=225"},{"taxonomy":"product_cat","embeddable":true,"href":"https:\/\/extraopona.nsfera.pl\/index.php\/wp-json\/wp\/v2\/product_cat?post=225"},{"taxonomy":"product_tag","embeddable":true,"href":"https:\/\/extraopona.nsfera.pl\/index.php\/wp-json\/wp\/v2\/product_tag?post=225"}],"curies":[{"name":"wp","href":"https:\/\/api.w.org\/{rel}","templated":true}]}}