{"id":19,"date":"2023-11-20T11:27:11","date_gmt":"2023-11-20T10:27:11","guid":{"rendered":"https:\/\/extraopona.nsfera.pl\/?post_type=product&#038;p=19"},"modified":"2023-12-05T07:51:03","modified_gmt":"2023-12-05T06:51:03","slug":"nordexx-nc1000","status":"publish","type":"product","link":"https:\/\/extraopona.nsfera.pl\/index.php\/produkt\/nordexx-nc1000\/","title":{"rendered":"NC1000"},"content":{"rendered":"<div class=\"w-full text-token-text-primary border-b border-black\/10 gizmo:border-0 dark:border-gray-900\/50 gizmo:dark:border-0 bg-gray-50 gizmo:bg-transparent dark:bg-[#444654] gizmo:dark:bg-transparent\" data-testid=\"conversation-turn-7\">\n<div class=\"p-4 gizmo:py-2 justify-center text-base md:gap-6 md:py-6 m-auto\">\n<div class=\"flex flex-1 gap-4 text-base mx-auto md:gap-6 gizmo:gap-3 gizmo:md:px-5 gizmo:lg:px-1 gizmo:xl:px-5 md:max-w-2xl lg:max-w-[38rem] gizmo:md:max-w-3xl gizmo:lg:max-w-[40rem] gizmo:xl:max-w-[48rem] xl:max-w-3xl } group final-completion\">\n<div class=\"relative flex w-[calc(100%-50px)] flex-col gizmo:w-full lg:w-[calc(100%-115px)] agent-turn\">\n<div class=\"flex-col gap-1 md:gap-3\">\n<div class=\"flex flex-grow flex-col max-w-full gap-3 gizmo:gap-0\">\n<div class=\"min-h-[20px] text-message flex flex-col items-start gap-3 whitespace-pre-wrap break-words [.text-message+&amp;]:mt-5 overflow-x-auto\" data-message-author-role=\"assistant\" data-message-id=\"6cfae232-7acb-4d26-a988-e5c34f101438\">\n<div class=\"markdown prose w-full break-words dark:prose-invert dark\">\n<p>NORDEXX NC1000 to opona stworzona z my\u015bl\u0105 o kierowcach, kt\u00f3rzy ceni\u0105 sobie wydajno\u015b\u0107, trwa\u0142o\u015b\u0107 i niezawodno\u015b\u0107 na drodze. Ta innowacyjna opona oferuje doskona\u0142\u0105 kombinacj\u0119 cech, sprawiaj\u0105c, \u017ce jazda staje si\u0119 bezpieczna, komfortowa i ekonomiczna.<\/p>\n<p>Dzi\u0119ki zaawansowanej technologii mieszanki gumowej NORDEXX NC1000 gwarantuje doskona\u0142\u0105 przyczepno\u015b\u0107 na r\u00f3\u017cnych rodzajach nawierzchni. Bie\u017cnik opony zosta\u0142 zaprojektowany z my\u015bl\u0105 o optymalnej r\u00f3wnowadze pomi\u0119dzy trakcj\u0105 a komfortem jazdy. To sprawia, \u017ce NORDEXX NC1000 radzi sobie zar\u00f3wno na suchych, jak i mokrych drogach, zapewniaj\u0105c pewno\u015b\u0107 hamowania i stabilno\u015b\u0107 podczas manewr\u00f3w.<\/p>\n<p>Opona NORDEXX NC1000 zosta\u0142a dodatkowo zoptymalizowana pod k\u0105tem redukcji oporu toczenia, co przek\u0142ada si\u0119 na oszcz\u0119dno\u015b\u0107 paliwa i przyjazne dla \u015brodowiska u\u017cytkowanie pojazdu. In\u017cynierowie marki NORDEXX skoncentrowali si\u0119 tak\u017ce na trwa\u0142o\u015bci, co sprawia, \u017ce NC1000 jest odporna na zu\u017cycie, co przek\u0142ada si\u0119 na d\u0142ugotrwa\u0142\u0105 \u017cywotno\u015b\u0107 opony.<\/p>\n<p>NORDEXX NC1000 to nie tylko produkt wysokiej jako\u015bci, ale tak\u017ce gwarancja bezpiecznej i ekonomicznej jazdy. Wybieraj\u0105c t\u0119 opon\u0119, decydujesz si\u0119 na doskona\u0142e po\u0142\u0105czenie wydajno\u015bci, trwa\u0142o\u015bci i komfortu, kt\u00f3re z pewno\u015bci\u0105 podniesie jako\u015b\u0107 podr\u00f3\u017cy ka\u017cdego kierowcy.<\/p>\n<\/div>\n<\/div>\n<\/div>\n<div class=\"flex justify-between empty:hidden gizmo:mt-1 gizmo:justify-start gizmo:gap-3 lg:block gizmo:lg:flex\">\n<div class=\"text-gray-400 flex self-end lg:self-center justify-center gizmo:lg:justify-start mt-2 gizmo:mt-0 visible gap-1\">\n<p>&nbsp;<\/p>\n<div class=\"flex gap-1\"><\/div>\n<div class=\"flex items-center gap-1.5 text-xs\"><\/div>\n<\/div>\n<\/div>\n<\/div>\n<\/div>\n<\/div>\n<\/div>\n<\/div>\n<div class=\"mx-auto\">\n<div data-projection-id=\"47\">\n<div class=\"mx-auto mt-2 inline-flex rounded-xl border border-gray-100 dark:border-gray-700\"><\/div>\n<\/div>\n<\/div>\n","protected":false},"excerpt":{"rendered":"<p>NORDEXX NC1000 to opona stworzona z my\u015bl\u0105 o kierowcach, kt\u00f3rzy ceni\u0105 sobie wydajno\u015b\u0107, trwa\u0142o\u015b\u0107 i niezawodno\u015b\u0107 na drodze. Ta innowacyjna opona oferuje doskona\u0142\u0105 kombinacj\u0119 cech, sprawiaj\u0105c, \u017ce jazda staje si\u0119 bezpieczna, komfortowa i ekonomiczna.<\/p>\n","protected":false},"featured_media":20,"comment_status":"open","ping_status":"closed","template":"","meta":[],"product_brand":[],"product_cat":[18,17],"product_tag":[],"class_list":{"0":"post-19","1":"product","2":"type-product","3":"status-publish","4":"has-post-thumbnail","6":"product_cat-dostawcze","7":"product_cat-osobowe","9":"first","10":"instock","11":"featured","12":"taxable","13":"shipping-taxable","14":"purchasable","15":"product-type-simple"},"_links":{"self":[{"href":"https:\/\/extraopona.nsfera.pl\/index.php\/wp-json\/wp\/v2\/product\/19","targetHints":{"allow":["GET"]}}],"collection":[{"href":"https:\/\/extraopona.nsfera.pl\/index.php\/wp-json\/wp\/v2\/product"}],"about":[{"href":"https:\/\/extraopona.nsfera.pl\/index.php\/wp-json\/wp\/v2\/types\/product"}],"replies":[{"embeddable":true,"href":"https:\/\/extraopona.nsfera.pl\/index.php\/wp-json\/wp\/v2\/comments?post=19"}],"wp:featuredmedia":[{"embeddable":true,"href":"https:\/\/extraopona.nsfera.pl\/index.php\/wp-json\/wp\/v2\/media\/20"}],"wp:attachment":[{"href":"https:\/\/extraopona.nsfera.pl\/index.php\/wp-json\/wp\/v2\/media?parent=19"}],"wp:term":[{"taxonomy":"product_brand","embeddable":true,"href":"https:\/\/extraopona.nsfera.pl\/index.php\/wp-json\/wp\/v2\/product_brand?post=19"},{"taxonomy":"product_cat","embeddable":true,"href":"https:\/\/extraopona.nsfera.pl\/index.php\/wp-json\/wp\/v2\/product_cat?post=19"},{"taxonomy":"product_tag","embeddable":true,"href":"https:\/\/extraopona.nsfera.pl\/index.php\/wp-json\/wp\/v2\/product_tag?post=19"}],"curies":[{"name":"wp","href":"https:\/\/api.w.org\/{rel}","templated":true}]}}