{"id":17,"date":"2023-11-20T11:25:45","date_gmt":"2023-11-20T10:25:45","guid":{"rendered":"https:\/\/extraopona.nsfera.pl\/?post_type=product&#038;p=17"},"modified":"2023-11-23T12:38:58","modified_gmt":"2023-11-23T11:38:58","slug":"nordexx-ns5000","status":"publish","type":"product","link":"https:\/\/extraopona.nsfera.pl\/index.php\/produkt\/nordexx-ns5000\/","title":{"rendered":"NS5000"},"content":{"rendered":"<p>Opona SAILUN NS5000 to doskona\u0142e po\u0142\u0105czenie wydajno\u015bci i komfortu jazdy, spe\u0142niaj\u0105ce oczekiwania kierowc\u00f3w poszukuj\u0105cych najwy\u017cszej jako\u015bci. Zaprojektowana z my\u015bl\u0105 o nowoczesnych warunkach drogowych, ta opona oferuje doskona\u0142\u0105 przyczepno\u015b\u0107 i stabilno\u015b\u0107, zapewniaj\u0105c pewno\u015b\u0107 manewr\u00f3w i bezpiecze\u0144stwo na ka\u017cdej trasie.<\/p>\n<p>SAILUN NS5000 wykorzystuje zaawansowan\u0105 technologi\u0119 mieszanki gumowej, co przek\u0142ada si\u0119 na doskona\u0142\u0105 trakcj\u0119 zar\u00f3wno na suchych, jak i mokrych nawierzchniach. Dzi\u0119ki innowacyjnemu bie\u017cnikowi z szerokimi rowkami opona skutecznie redukuje ryzyko aquaplaningu, zapewniaj\u0105c pewno\u015b\u0107 hamowania i stabilno\u015b\u0107 nawet podczas intensywnego opadu deszczu.<\/p>\n<p>Wydajno\u015b\u0107 energetyczna SAILUN NS5000 zosta\u0142a dodatkowo zoptymalizowana, co przek\u0142ada si\u0119 na oszcz\u0119dno\u015b\u0107 paliwa i ekologiczn\u0105 jazd\u0119. Ta opona doskonale radzi sobie z minimalizacj\u0105 oporu toczenia, co sprawia, \u017ce pojazd staje si\u0119 bardziej efektywny pod wzgl\u0119dem zu\u017cycia energii.<\/p>\n<p>SAILUN NS5000 to nie tylko gwarancja bezpiecze\u0144stwa i wydajno\u015bci, ale r\u00f3wnie\u017c komfortu podr\u00f3\u017cy. Dzi\u0119ki precyzyjnej konstrukcji opona zapewnia cich\u0105 i p\u0142ynn\u0105 jazd\u0119, eliminuj\u0105c nieprzyjemne wibracje. Wybieraj\u0105c SAILUN NS5000, decydujesz si\u0119 na opon\u0119, kt\u00f3ra sprosta oczekiwaniom nawet najbardziej wymagaj\u0105cych kierowc\u00f3w, dostarczaj\u0105c niezapomnianej jako\u015bci jazdy.<\/p>\n","protected":false},"excerpt":{"rendered":"<p>Opona NORDEXX NS5000 to doskona\u0142e po\u0142\u0105czenie wydajno\u015bci i komfortu jazdy, spe\u0142niaj\u0105ce oczekiwania kierowc\u00f3w poszukuj\u0105cych najwy\u017cszej jako\u015bci. Zaprojektowana z my\u015bl\u0105 o nowoczesnych warunkach drogowych, ta opona oferuje doskona\u0142\u0105 przyczepno\u015b\u0107 i stabilno\u015b\u0107, zapewniaj\u0105c pewno\u015b\u0107 manewr\u00f3w i bezpiecze\u0144stwo na ka\u017cdej trasie.<\/p>\n","protected":false},"featured_media":34,"comment_status":"open","ping_status":"closed","template":"","meta":[],"product_brand":[],"product_cat":[17],"product_tag":[],"class_list":{"0":"post-17","1":"product","2":"type-product","3":"status-publish","4":"has-post-thumbnail","6":"product_cat-osobowe","8":"first","9":"instock","10":"taxable","11":"shipping-taxable","12":"purchasable","13":"product-type-simple"},"_links":{"self":[{"href":"https:\/\/extraopona.nsfera.pl\/index.php\/wp-json\/wp\/v2\/product\/17","targetHints":{"allow":["GET"]}}],"collection":[{"href":"https:\/\/extraopona.nsfera.pl\/index.php\/wp-json\/wp\/v2\/product"}],"about":[{"href":"https:\/\/extraopona.nsfera.pl\/index.php\/wp-json\/wp\/v2\/types\/product"}],"replies":[{"embeddable":true,"href":"https:\/\/extraopona.nsfera.pl\/index.php\/wp-json\/wp\/v2\/comments?post=17"}],"wp:featuredmedia":[{"embeddable":true,"href":"https:\/\/extraopona.nsfera.pl\/index.php\/wp-json\/wp\/v2\/media\/34"}],"wp:attachment":[{"href":"https:\/\/extraopona.nsfera.pl\/index.php\/wp-json\/wp\/v2\/media?parent=17"}],"wp:term":[{"taxonomy":"product_brand","embeddable":true,"href":"https:\/\/extraopona.nsfera.pl\/index.php\/wp-json\/wp\/v2\/product_brand?post=17"},{"taxonomy":"product_cat","embeddable":true,"href":"https:\/\/extraopona.nsfera.pl\/index.php\/wp-json\/wp\/v2\/product_cat?post=17"},{"taxonomy":"product_tag","embeddable":true,"href":"https:\/\/extraopona.nsfera.pl\/index.php\/wp-json\/wp\/v2\/product_tag?post=17"}],"curies":[{"name":"wp","href":"https:\/\/api.w.org\/{rel}","templated":true}]}}