{"id":15,"date":"2023-11-20T11:24:18","date_gmt":"2023-11-20T10:24:18","guid":{"rendered":"https:\/\/extraopona.nsfera.pl\/?post_type=product&#038;p=15"},"modified":"2023-12-11T11:24:24","modified_gmt":"2023-12-11T10:24:24","slug":"nordexx-fast-move-4","status":"publish","type":"product","link":"https:\/\/extraopona.nsfera.pl\/index.php\/produkt\/nordexx-fast-move-4\/","title":{"rendered":"FAST MOVE 4"},"content":{"rendered":"<p>Opona NORDEXX FAST MOVE 4 to doskona\u0142e po\u0142\u0105czenie innowacyjnej technologii i niezawodnej wydajno\u015bci, kt\u00f3re z pewno\u015bci\u0105 podnios\u0105 jako\u015b\u0107 jazdy Twojego pojazdu. Zaprojektowana z my\u015bl\u0105 o dynamicznych warunkach na drodze, ta opona oferuje wyj\u0105tkow\u0105 przyczepno\u015b\u0107 i stabilno\u015b\u0107, zapewniaj\u0105c bezpiecze\u0144stwo podczas ka\u017cdej podr\u00f3\u017cy.<\/p>\n<p>Dzi\u0119ki zaawansowanej mieszance gumowej NORDEXX FAST MOVE 4 gwarantuje doskona\u0142\u0105 trakcj\u0119 zar\u00f3wno na mokrej, jak i suchej nawierzchni. Innowacyjny bie\u017cnik z g\u0142\u0119bokimi rowkami zapewnia skuteczn\u0105 ochron\u0119 przed aquaplaningiem, a jednocze\u015bnie poprawia precyzj\u0119 prowadzenia. Wyj\u0105tkowa konstrukcja opony minimalizuje op\u00f3r toczenia, co przek\u0142ada si\u0119 na oszcz\u0119dno\u015b\u0107 paliwa i ekologiczn\u0105 jazd\u0119.<\/p>\n<p>Opona NORDEXX FAST MOVE 4 to nie tylko gwarancja bezpiecze\u0144stwa, ale r\u00f3wnie\u017c komfortu podr\u00f3\u017cy. Dzi\u0119ki doskona\u0142ej absorpcji wstrz\u0105s\u00f3w, jazda staje si\u0119 bardziej stabilna i przyjemna. Wybieraj\u0105c NORDEXX FAST MOVE 4, inwestujesz w niezawodno\u015b\u0107 i trwa\u0142o\u015b\u0107, kt\u00f3re przek\u0142adaj\u0105 si\u0119 na d\u0142ugotrwa\u0142\u0105 satysfakcj\u0119 z u\u017cytkowania. Gotowy na nowy poziom wydajno\u015bci? NORDEXX FAST MOVE 4 jest gotowa na ka\u017cd\u0105 drogow\u0105 przygod\u0119!<\/p>\n","protected":false},"excerpt":{"rendered":"<p>Opona NORDEXX FAST MOVE 4 to doskona\u0142e po\u0142\u0105czenie innowacyjnej technologii i niezawodnej wydajno\u015bci, kt\u00f3re z pewno\u015bci\u0105 podnios\u0105 jako\u015b\u0107 jazdy Twojego pojazdu. Zaprojektowana z my\u015bl\u0105 o dynamicznych warunkach na drodze, ta opona oferuje wyj\u0105tkow\u0105 przyczepno\u015b\u0107 i stabilno\u015b\u0107, zapewniaj\u0105c bezpiecze\u0144stwo podczas ka\u017cdej podr\u00f3\u017cy.<\/p>\n","protected":false},"featured_media":18,"comment_status":"open","ping_status":"closed","template":"","meta":[],"product_brand":[],"product_cat":[17],"product_tag":[],"class_list":{"0":"post-15","1":"product","2":"type-product","3":"status-publish","4":"has-post-thumbnail","6":"product_cat-osobowe","8":"first","9":"instock","10":"featured","11":"taxable","12":"shipping-taxable","13":"purchasable","14":"product-type-simple"},"_links":{"self":[{"href":"https:\/\/extraopona.nsfera.pl\/index.php\/wp-json\/wp\/v2\/product\/15","targetHints":{"allow":["GET"]}}],"collection":[{"href":"https:\/\/extraopona.nsfera.pl\/index.php\/wp-json\/wp\/v2\/product"}],"about":[{"href":"https:\/\/extraopona.nsfera.pl\/index.php\/wp-json\/wp\/v2\/types\/product"}],"replies":[{"embeddable":true,"href":"https:\/\/extraopona.nsfera.pl\/index.php\/wp-json\/wp\/v2\/comments?post=15"}],"wp:featuredmedia":[{"embeddable":true,"href":"https:\/\/extraopona.nsfera.pl\/index.php\/wp-json\/wp\/v2\/media\/18"}],"wp:attachment":[{"href":"https:\/\/extraopona.nsfera.pl\/index.php\/wp-json\/wp\/v2\/media?parent=15"}],"wp:term":[{"taxonomy":"product_brand","embeddable":true,"href":"https:\/\/extraopona.nsfera.pl\/index.php\/wp-json\/wp\/v2\/product_brand?post=15"},{"taxonomy":"product_cat","embeddable":true,"href":"https:\/\/extraopona.nsfera.pl\/index.php\/wp-json\/wp\/v2\/product_cat?post=15"},{"taxonomy":"product_tag","embeddable":true,"href":"https:\/\/extraopona.nsfera.pl\/index.php\/wp-json\/wp\/v2\/product_tag?post=15"}],"curies":[{"name":"wp","href":"https:\/\/api.w.org\/{rel}","templated":true}]}}