{"id":475,"date":"2024-01-31T12:45:02","date_gmt":"2024-01-31T11:45:02","guid":{"rendered":"https:\/\/extraopona.nsfera.pl\/?page_id=475"},"modified":"2024-01-31T13:37:04","modified_gmt":"2024-01-31T12:37:04","slug":"warunki-zwrotu","status":"publish","type":"page","link":"https:\/\/extraopona.nsfera.pl\/index.php\/warunki-zwrotu\/","title":{"rendered":"Warunki zwrot\u00f3w"},"content":{"rendered":"\n<p><strong>Pouczenie o odst\u0105pieniu od umowy sprzeda\u017cy<\/strong><\/p>\n\n\n\n<p><strong>(informacje dotycz\u0105ce korzystania z prawa odst\u0105pienia od umowy sprzeda\u017cy)<\/strong><\/p>\n\n\n\n<p><strong>Prawo odst\u0105pienia od umowy<\/strong><\/p>\n\n\n\n<p>Informujemy, \u017ce maj\u0105 Pa\u0144stwo prawo odst\u0105pi\u0107 od niniejszej umowy w terminie 14 dni bez podania jakiejkolwiek przyczyny.<br><br>Termin do odst\u0105pienia od umowy wygasa po up\u0142ywie 14 dni od dnia:<\/p>\n\n\n\n<ol class=\"wp-block-list\" start=\"1\">\n<li>w kt\u00f3rym weszli Pa\u0144stwo w posiadanie rzeczy lub w posiadanie ostatniej z rzeczy, je\u017celi umowa dotyczy\u0142a przeniesienia w\u0142asno\u015bci wielu rzeczy dostarczanych osobno lub w posiadanie ostatniej partii lub cz\u0119\u015bci, je\u017celi umowa dotyczy\u0142a przeniesienia w\u0142asno\u015bci rzeczy dostarczanych partiami lub w cz\u0119\u015bci,<\/li>\n\n\n\n<li>w kt\u00f3rym osoba trzecia inna ni\u017c przewo\u017anik i wskazana przez Pa\u0144stwa wesz\u0142a w posiadanie rzeczy lub w posiadanie ostatniej z rzeczy, je\u017celi umowa dotyczy\u0142a przeniesienia w\u0142asno\u015bci wielu rzeczy dostarczanych osobno lub w posiadanie ostatniej partii lub cz\u0119\u015bci, je\u017celi umowa dotyczy\u0142a przeniesienia w\u0142asno\u015bci rzeczy dostarczanych partiami lub w cz\u0119\u015bci.<\/li>\n<\/ol>\n\n\n\n<p>Aby skorzysta\u0107 z prawa odst\u0105pienia od umowy, nale\u017cy poinformowa\u0107 W\u0142adys\u0142aw Chrzanowski, Sosn\u00f3w 7, 24-100 Pu\u0142awy, email: info@extraopona.pl, tel.: +48&nbsp;502&nbsp;899 390 o swojej decyzji o odst\u0105pieniu od niniejszej umowy w drodze jednoznacznego o\u015bwiadczenia (na przyk\u0142ad pismo wys\u0142ane poczt\u0105, faksem lub poczt\u0105 elektroniczn\u0105).<\/p>\n\n\n\n<p>Mog\u0105 Pa\u0144stwo skorzysta\u0107 z wzoru formularza odst\u0105pienia od umowy, jednak nie jest to obowi\u0105zkowe.<br><br>Aby zachowa\u0107 termin do odst\u0105pienia od umowy, wystarczy, aby wys\u0142ali Pa\u0144stwo informacj\u0119 dotycz\u0105c\u0105 wykonania przys\u0142uguj\u0105cego Pa\u0144stwu prawa odst\u0105pienia od umowy przed up\u0142ywem terminu do odst\u0105pienia od umowy.<\/p>\n\n\n\n<p><strong>Skutki odst\u0105pienia od umowy<\/strong><\/p>\n\n\n\n<p>W przypadku odst\u0105pienia od niniejszej umowy, zwracamy Pa\u0144stwu wszystkie otrzymane od Pa\u0144stwa p\u0142atno\u015bci, w tym koszty dostarczenia rzeczy (z wyj\u0105tkiem dodatkowych koszt\u00f3w wynikaj\u0105cych z wybranego przez Pa\u0144stwa sposobu dostarczenia innego ni\u017c najta\u0144szy zwyk\u0142y spos\u00f3b dostarczenia oferowany przez nas), niezw\u0142ocznie, a w ka\u017cdym przypadku nie p\u00f3\u017aniej ni\u017c 14 dni od dnia, w kt\u00f3rym zostali\u015bmy poinformowani o Pa\u0144stwa decyzji o wykonaniu prawa odst\u0105pienia od niniejszej umowy. Zwrotu p\u0142atno\u015bci dokonamy przy u\u017cyciu takich samych sposob\u00f3w p\u0142atno\u015bci, jakie zosta\u0142y przez Pa\u0144stwa u\u017cyte w pierwotnej transakcji, chyba \u017ce wyra\u017anie zgodzili\u015bcie si\u0119 Pa\u0144stwo na inne rozwi\u0105zanie; w ka\u017cdym przypadku nie ponios\u0105 Pa\u0144stwo \u017cadnych op\u0142at w zwi\u0105zku z tym zwrotem.<br><br>Mo\u017cemy wstrzyma\u0107 si\u0119 ze zwrotem p\u0142atno\u015bci do czasu otrzymania rzeczy lub do czasu dostarczenia nam dowodu jej odes\u0142ania, w zale\u017cno\u015bci od tego, kt\u00f3re zdarzenie nast\u0105pi wcze\u015bniej w przypadku, gdy umowa dotyczy\u0142a sprzeda\u017cy rzeczy.<\/p>\n\n\n\n<p>W przypadku, gdy umowa dotyczy\u0142a zakupu rzeczy prosz\u0119 odes\u0142a\u0107 lub przekaza\u0107 nam rzecz na adres W\u0142adys\u0142aw Chrzanowski, Sosn\u00f3w 7, 24-100 Pu\u0142awy niezw\u0142ocznie, a w ka\u017cdym razie nie p\u00f3\u017aniej ni\u017c 14 dni od dnia, w kt\u00f3rym poinformowali nas Pa\u0144stwo o odst\u0105pieniu od niniejszej umowy. Termin jest zachowany, je\u017celi ode\u015bl\u0105 Pa\u0144stwo rzecz przed up\u0142ywem terminu 14 dni.<\/p>\n\n\n\n<p>B\u0119d\u0105 Pa\u0144stwo musieli ponie\u015b\u0107 bezpo\u015brednie koszty zwrotu rzeczy.<\/p>\n\n\n\n<p>Odpowiadaj\u0105 Pa\u0144stwo tylko za zmniejszenie warto\u015bci rzeczy wynikaj\u0105ce z korzystania z niej w spos\u00f3b inny ni\u017c by\u0142o to konieczne do stwierdzenia charakteru, cech i funkcjonowania rzeczy.<\/p>\n\n\n\n<div class=\"wp-block-buttons is-content-justification-center is-layout-flex wp-container-core-buttons-is-layout-16018d1d wp-block-buttons-is-layout-flex\">\n<div class=\"wp-block-button btn--pdf white--space--wrap\"><a class=\"wp-block-button__link wp-element-button\" href=\"https:\/\/extraopona.nsfera.pl\/wp-content\/themes\/webtec-business-v3.2\/assets\/pdf\/Formularz%20reklamacyjny%20opon%20.pdf\">POBIERZ FORMULARZ REKLAMACYJNY<\/a><\/div>\n\n\n\n<div class=\"wp-block-button white--space--wrap btn--pdf\"><a class=\"wp-block-button__link wp-element-button\" href=\"https:\/\/extraopona.nsfera.pl\/wp-content\/themes\/webtec-business-v3.2\/assets\/pdf\/Formularz%20odsta%CC%A8pienia%20od%20umowy%20sprzedaz%CC%87y.pdf\">POBIERZ FORMULARZ ODST\u0104PIENIA OD UMOWY<\/a><\/div>\n<\/div>\n","protected":false},"excerpt":{"rendered":"<p>Pouczenie o odst\u0105pieniu od umowy sprzeda\u017cy (informacje dotycz\u0105ce korzystania z prawa odst\u0105pienia od umowy sprzeda\u017cy) Prawo odst\u0105pienia od umowy Informujemy, \u017ce maj\u0105 Pa\u0144stwo prawo odst\u0105pi\u0107 od niniejszej umowy w terminie 14 dni bez podania jakiejkolwiek przyczyny. Termin do odst\u0105pienia od umowy wygasa po up\u0142ywie 14 dni od dnia: Aby skorzysta\u0107 z prawa odst\u0105pienia od umowy, [&hellip;]<\/p>\n","protected":false},"author":1,"featured_media":0,"parent":0,"menu_order":0,"comment_status":"closed","ping_status":"closed","template":"","meta":{"footnotes":""},"class_list":["post-475","page","type-page","status-publish","hentry"],"_links":{"self":[{"href":"https:\/\/extraopona.nsfera.pl\/index.php\/wp-json\/wp\/v2\/pages\/475","targetHints":{"allow":["GET"]}}],"collection":[{"href":"https:\/\/extraopona.nsfera.pl\/index.php\/wp-json\/wp\/v2\/pages"}],"about":[{"href":"https:\/\/extraopona.nsfera.pl\/index.php\/wp-json\/wp\/v2\/types\/page"}],"author":[{"embeddable":true,"href":"https:\/\/extraopona.nsfera.pl\/index.php\/wp-json\/wp\/v2\/users\/1"}],"replies":[{"embeddable":true,"href":"https:\/\/extraopona.nsfera.pl\/index.php\/wp-json\/wp\/v2\/comments?post=475"}],"version-history":[{"count":12,"href":"https:\/\/extraopona.nsfera.pl\/index.php\/wp-json\/wp\/v2\/pages\/475\/revisions"}],"predecessor-version":[{"id":494,"href":"https:\/\/extraopona.nsfera.pl\/index.php\/wp-json\/wp\/v2\/pages\/475\/revisions\/494"}],"wp:attachment":[{"href":"https:\/\/extraopona.nsfera.pl\/index.php\/wp-json\/wp\/v2\/media?parent=475"}],"curies":[{"name":"wp","href":"https:\/\/api.w.org\/{rel}","templated":true}]}}