{"id":42,"date":"2023-11-21T11:01:43","date_gmt":"2023-11-21T10:01:43","guid":{"rendered":"https:\/\/extraopona.nsfera.pl\/?page_id=42"},"modified":"2023-12-04T07:58:27","modified_gmt":"2023-12-04T06:58:27","slug":"o-nas","status":"publish","type":"page","link":"https:\/\/extraopona.nsfera.pl\/index.php\/o-nas\/","title":{"rendered":"O firmie"},"content":{"rendered":"\n<div class=\"wp-block-group container container-has-padding\"><div class=\"wp-block-group__inner-container is-layout-constrained wp-block-group-is-layout-constrained\">\n<div class=\"wp-block-columns about__intro__cols is-layout-flex wp-container-core-columns-is-layout-9d6595d7 wp-block-columns-is-layout-flex\">\n<div class=\"wp-block-column is-layout-flow wp-block-column-is-layout-flow\">\n<h2 class=\"wp-block-heading about__title\">Od 10 lat dostarczamy opony oraz felgi stalowe i aluminiowe<\/h2>\n\n\n\n<p class=\"about__content\">Zajmujemy si\u0119 hurtow\u0105 i detaliczn\u0105 sprzeda\u017c\u0105 opon nowych jako bezpo\u015bredni importer opon oraz sprzeda\u017c\u0105 felg aluminiowych i stalowych.<\/p>\n\n\n\n<p class=\"about__content\">Nasza oferta skierowana jest do klient\u00f3w indywidualnych oraz odbiorc\u00f3w hurtowych, dla kt\u00f3rych dostarczamy opony marek:<\/p>\n\n\n\n<div class=\"wp-block-group about__partners__row is-content-justification-space-between is-nowrap is-layout-flex wp-container-core-group-is-layout-0dfbf163 wp-block-group-is-layout-flex\">\n<figure class=\"wp-block-image size-full\"><img decoding=\"async\" src=\"https:\/\/extraopona.nsfera.pl\/wp-content\/uploads\/2023\/11\/Nordexx-logo-1.svg\" alt=\"\" class=\"wp-image-349\"\/><\/figure>\n\n\n\n<figure class=\"wp-block-image size-full\"><img decoding=\"async\" src=\"https:\/\/extraopona.nsfera.pl\/wp-content\/uploads\/2023\/11\/sailun-1.svg\" alt=\"\" class=\"wp-image-350\"\/><\/figure>\n\n\n\n<figure class=\"wp-block-image size-full\"><img decoding=\"async\" src=\"https:\/\/extraopona.nsfera.pl\/wp-content\/uploads\/2023\/11\/blacklion.svg\" alt=\"\" class=\"wp-image-351\"\/><\/figure>\n\n\n\n<figure class=\"wp-block-image size-full\"><img decoding=\"async\" src=\"https:\/\/extraopona.nsfera.pl\/wp-content\/uploads\/2023\/11\/westlake.svg\" alt=\"\" class=\"wp-image-352\"\/><\/figure>\n<\/div>\n\n\n\n<p class=\"about__content\">Dzia\u0142alno\u015b\u0107 rozpocz\u0119li\u015bmy w 1998 roku. W 2017 roku nawi\u0105zali\u015bmy wsp\u00f3\u0142prace z du\u0144skim koncernem NDI, najwi\u0119kszym i wiod\u0105cym producentem opon w Europie P\u00f3\u0142nocnej. Od tego czasu jeste\u015bmy bezpo\u015brednim dystrybutorem marki NORDEXX na terenie centralnej i wschodniej Polski.<\/p>\n<\/div>\n\n\n\n<div class=\"wp-block-column is-layout-flow wp-block-column-is-layout-flow\">\n<figure class=\"wp-block-image size-full\"><img loading=\"lazy\" decoding=\"async\" width=\"554\" height=\"508\" src=\"https:\/\/extraopona.nsfera.pl\/wp-content\/uploads\/2023\/11\/foto.png\" alt=\"\" class=\"wp-image-348\" srcset=\"https:\/\/extraopona.nsfera.pl\/wp-content\/uploads\/2023\/11\/foto.png 554w, https:\/\/extraopona.nsfera.pl\/wp-content\/uploads\/2023\/11\/foto-300x275.png 300w\" sizes=\"auto, (max-width: 554px) 100vw, 554px\" \/><\/figure>\n<\/div>\n<\/div>\n<\/div><\/div>\n\n\n\n<div class=\"wp-block-group about__gray\"><div class=\"wp-block-group__inner-container is-layout-constrained wp-block-group-is-layout-constrained\">\n<div class=\"wp-block-group container container-has-padding\"><div class=\"wp-block-group__inner-container is-layout-constrained wp-block-group-is-layout-constrained\">\n<h2 class=\"wp-block-heading wbt-nag\">Co nas wyr\u00f3\u017cnia<\/h2>\n\n\n\n<div class=\"wp-block-columns start__distinct is-layout-flex wp-container-core-columns-is-layout-9d6595d7 wp-block-columns-is-layout-flex\">\n<div class=\"wp-block-column start__distinct__col is-layout-flow wp-block-column-is-layout-flow\"><div class=\"wp-block-image start__distinct__img\">\n<figure class=\"aligncenter size-full\"><img decoding=\"async\" src=\"https:\/\/extraopona.nsfera.pl\/wp-content\/uploads\/2023\/11\/ico-import.svg\" alt=\"\" class=\"wp-image-382\"\/><\/figure>\n<\/div>\n\n\n<p class=\"has-text-align-center wbt__title\">BEZPO\u015aREDNI IMPORTER<\/p>\n\n\n\n<p class=\"has-text-align-left\">Jeste\u015bmy bezpo\u015brednim importerem opon, dzi\u0119ki czemu mo\u017cemy zagwarantowa\u0107 bardzo atrakcyjne ceny dla naszych odbiorc\u00f3w.<\/p>\n\n\n\n<p class=\"has-text-align-left\">Nasza oferta skierowana jest do klient\u00f3w indywidualnych oraz odbiorc\u00f3w hurtowych.<\/p>\n<\/div>\n\n\n\n<div class=\"wp-block-column start__distinct__col is-layout-flow wp-block-column-is-layout-flow\"><div class=\"wp-block-image start__distinct__img\">\n<figure class=\"aligncenter size-full\"><img decoding=\"async\" src=\"https:\/\/extraopona.nsfera.pl\/wp-content\/uploads\/2023\/11\/ico-ocena.svg\" alt=\"\" class=\"wp-image-383\"\/><\/figure>\n<\/div>\n\n\n<p class=\"has-text-align-center wbt__title wbt__title__mb0\">OCENA Z GOOGLE I ALLEGRO<\/p>\n\n\n\n<div class=\"wp-block-group start__distinct__rank__row is-nowrap is-layout-flex wp-container-core-group-is-layout-ad2f72ca wp-block-group-is-layout-flex\">\n<h4 class=\"wp-block-heading start__distinct__rank\">4,2<\/h4>\n\n\n\n<h4 class=\"wp-block-heading start__distinct__rank\">5,0<\/h4>\n<\/div>\n\n\n\n<div class=\"wp-block-group start__distinct__rank__row is-nowrap is-layout-flex wp-container-core-group-is-layout-ad2f72ca wp-block-group-is-layout-flex\">\n<figure class=\"wp-block-image size-full\"><img loading=\"lazy\" decoding=\"async\" width=\"95\" height=\"15\" src=\"https:\/\/extraopona.nsfera.pl\/wp-content\/uploads\/2023\/11\/star-4.png\" alt=\"\" class=\"wp-image-179\"\/><\/figure>\n\n\n\n<figure class=\"wp-block-image size-full\"><img loading=\"lazy\" decoding=\"async\" width=\"95\" height=\"15\" src=\"https:\/\/extraopona.nsfera.pl\/wp-content\/uploads\/2023\/11\/star-5.png\" alt=\"\" class=\"wp-image-180\"\/><\/figure>\n<\/div>\n\n\n\n<div class=\"wp-block-group start__distinct__rank__row is-nowrap is-layout-flex wp-container-core-group-is-layout-ad2f72ca wp-block-group-is-layout-flex\">\n<p class=\"start__distinct__feedbacks text__gray\">Opinie: 18<\/p>\n\n\n\n<p class=\"start__distinct__feedbacks text__gray\">Opinie: 55<\/p>\n<\/div>\n<\/div>\n\n\n\n<div class=\"wp-block-column start__distinct__col is-layout-flow wp-block-column-is-layout-flow\"><div class=\"wp-block-image start__distinct__img\">\n<figure class=\"aligncenter size-full\"><img loading=\"lazy\" decoding=\"async\" width=\"60\" height=\"60\" src=\"https:\/\/extraopona.nsfera.pl\/wp-content\/uploads\/2023\/11\/user.png\" alt=\"\" class=\"wp-image-181\"\/><\/figure>\n<\/div>\n\n\n<p class=\"has-text-align-center wbt__title\">OPINIE KLIENT\u00d3W<\/p>\n\n\n\n<p class=\"has-text-align-center\">Kupi\u0142em kilka komplet\u00f3w opon, moje auto \u015bwietnie je\u017adzi na tych oponach.<\/p>\n\n\n\n<p class=\"has-text-align-center\">Damian Kami\u0144ski<\/p>\n\n\n<div class=\"wp-block-image start__distinct__google\">\n<figure class=\"aligncenter size-full\"><img loading=\"lazy\" decoding=\"async\" width=\"30\" height=\"30\" src=\"https:\/\/extraopona.nsfera.pl\/wp-content\/uploads\/2023\/11\/google.png\" alt=\"\" class=\"wp-image-182\"\/><\/figure>\n<\/div><\/div>\n<\/div>\n\n\n\n<div class=\"wp-block-columns start__features is-layout-flex wp-container-core-columns-is-layout-9d6595d7 wp-block-columns-is-layout-flex\">\n<div class=\"wp-block-column start__feature is-layout-flow wp-block-column-is-layout-flow\">\n<figure class=\"wp-block-image size-full\"><img decoding=\"async\" src=\"https:\/\/extraopona.nsfera.pl\/wp-content\/uploads\/2023\/11\/1.svg\" alt=\"\" class=\"wp-image-146\" style=\"object-fit:cover\"\/><\/figure>\n\n\n\n<div class=\"wp-block-group start__feature__row is-vertical is-content-justification-center is-layout-flex wp-container-core-group-is-layout-4b2eccd6 wp-block-group-is-layout-flex\">\n<p class=\"has-text-align-center start__feature__title wbt__title\" style=\"font-size:24px\"><strong>DARMOWA DOSTAWA<\/strong><\/p>\n\n\n\n<p class=\"has-text-align-center\" style=\"font-size:14px\">przy zam\u00f3wieniu od 4 sztuk<\/p>\n<\/div>\n<\/div>\n\n\n\n<div class=\"wp-block-column start__feature is-layout-flow wp-block-column-is-layout-flow\">\n<figure class=\"wp-block-image size-full\"><img decoding=\"async\" src=\"https:\/\/extraopona.nsfera.pl\/wp-content\/uploads\/2023\/11\/2.svg\" alt=\"\" class=\"wp-image-152\"\/><\/figure>\n\n\n\n<div class=\"wp-block-group start__feature__row is-vertical is-content-justification-center is-layout-flex wp-container-core-group-is-layout-4b2eccd6 wp-block-group-is-layout-flex\">\n<p class=\"has-text-align-center start__feature__title wbt__title\" style=\"font-size:24px\"><strong>DOSTAWA JU\u017b W 2 DNI<\/strong><\/p>\n\n\n\n<p class=\"has-text-align-center\" style=\"font-size:14px\">dla aut osobowych, inne do 3 dni<\/p>\n<\/div>\n<\/div>\n\n\n\n<div class=\"wp-block-column start__feature is-layout-flow wp-block-column-is-layout-flow\">\n<figure class=\"wp-block-image size-full\"><img decoding=\"async\" src=\"https:\/\/extraopona.nsfera.pl\/wp-content\/uploads\/2023\/11\/3.svg\" alt=\"\" class=\"wp-image-154\"\/><\/figure>\n\n\n\n<div class=\"wp-block-group start__feature__row is-vertical is-content-justification-center is-layout-flex wp-container-core-group-is-layout-4b2eccd6 wp-block-group-is-layout-flex\">\n<p class=\"has-text-align-center start__feature__title wbt__title\" style=\"font-size:24px\"><strong>GWARANCJA 2 LATA<\/strong><\/p>\n\n\n\n<p class=\"has-text-align-center\" style=\"font-size:14px\">dotyczy opon i felg<\/p>\n<\/div>\n<\/div>\n\n\n\n<div class=\"wp-block-column start__feature is-layout-flow wp-block-column-is-layout-flow\">\n<figure class=\"wp-block-image size-full\"><img decoding=\"async\" src=\"https:\/\/extraopona.nsfera.pl\/wp-content\/uploads\/2023\/11\/4.svg\" alt=\"\" class=\"wp-image-155\"\/><\/figure>\n\n\n\n<div class=\"wp-block-group start__feature__row is-vertical is-content-justification-center is-layout-flex wp-container-core-group-is-layout-4b2eccd6 wp-block-group-is-layout-flex\">\n<p class=\"has-text-align-center start__feature__title wbt__title\" style=\"font-size:24px\"><strong>ZWROT DO 14 DNI<\/strong><\/p>\n\n\n\n<p class=\"has-text-align-center\" style=\"font-size:14px\">na koszt zamawiaj\u0105cego<\/p>\n<\/div>\n<\/div>\n<\/div>\n<\/div><\/div>\n<\/div><\/div>\n\n\n\n<div class=\"wp-block-group container container-has-padding\"><div class=\"wp-block-group__inner-container is-layout-constrained wp-block-group-is-layout-constrained\">\n<div class=\"wp-block-columns about__zespol is-layout-flex wp-container-core-columns-is-layout-9d6595d7 wp-block-columns-is-layout-flex\">\n<div class=\"wp-block-column is-layout-flow wp-block-column-is-layout-flow\">\n<div class=\"wp-block-columns about__zespol__images is-layout-flex wp-container-core-columns-is-layout-9d6595d7 wp-block-columns-is-layout-flex\">\n<div class=\"wp-block-column is-layout-flow wp-block-column-is-layout-flow\">\n<figure class=\"wp-block-image size-full\"><img loading=\"lazy\" decoding=\"async\" width=\"282\" height=\"282\" src=\"https:\/\/extraopona.nsfera.pl\/wp-content\/uploads\/2023\/11\/opona-rekawiczka.png\" alt=\"\" class=\"wp-image-356\" srcset=\"https:\/\/extraopona.nsfera.pl\/wp-content\/uploads\/2023\/11\/opona-rekawiczka.png 282w, https:\/\/extraopona.nsfera.pl\/wp-content\/uploads\/2023\/11\/opona-rekawiczka-150x150.png 150w, https:\/\/extraopona.nsfera.pl\/wp-content\/uploads\/2023\/11\/opona-rekawiczka-200x200.png 200w\" sizes=\"auto, (max-width: 282px) 100vw, 282px\" \/><\/figure>\n<\/div>\n\n\n\n<div class=\"wp-block-column is-layout-flow wp-block-column-is-layout-flow\">\n<figure class=\"wp-block-image size-full\"><img loading=\"lazy\" decoding=\"async\" width=\"282\" height=\"282\" src=\"https:\/\/extraopona.nsfera.pl\/wp-content\/uploads\/2023\/11\/felga.png\" alt=\"\" class=\"wp-image-357\" srcset=\"https:\/\/extraopona.nsfera.pl\/wp-content\/uploads\/2023\/11\/felga.png 282w, https:\/\/extraopona.nsfera.pl\/wp-content\/uploads\/2023\/11\/felga-150x150.png 150w, https:\/\/extraopona.nsfera.pl\/wp-content\/uploads\/2023\/11\/felga-200x200.png 200w\" sizes=\"auto, (max-width: 282px) 100vw, 282px\" \/><\/figure>\n<\/div>\n<\/div>\n<\/div>\n\n\n\n<div class=\"wp-block-column is-layout-flow wp-block-column-is-layout-flow\">\n<p class=\"m--n\" style=\"font-size:24px\"><strong>DO\u015aWIADCZONY ZESP\u00d3\u0141<\/strong><\/p>\n\n\n\n<p>Dzi\u0119ki naszym wyszkolonym mechanikom ka\u017cda opona poddawana jest kontroli jako\u015bci. Posiadamy du\u017ce ilo\u015bci opon.<\/p>\n\n\n\n<p>Dysponujemy oponami przeznaczonymi do samochod\u00f3w osobowych, dostawczych, terenowych, ci\u0119\u017carowych i przemys\u0142owych. W sprzeda\u017cy mamy tak\u017ce felgi aluminiowe i stalowe.<\/p>\n<\/div>\n<\/div>\n\n\n\n<div class=\"wp-block-columns start__cta is-layout-flex wp-container-core-columns-is-layout-9d6595d7 wp-block-columns-is-layout-flex\">\n<div class=\"wp-block-column start__cta__col is-layout-flow wp-block-column-is-layout-flow\">\n<p class=\"has-text-align-center start__cta__title wbt__title\"><strong>POTRZEBUJESZ POMOCY?<\/strong><\/p>\n\n\n\n<p class=\"has-text-align-center start__cta__content has-text-color has-link-color wp-elements-f7b3d8eaa39387a48eb3c95c0056c4bc\" style=\"color:#545454\">Zadzwo\u0144 do nas (pn. &#8211; pt. 8:00-17:00)<\/p>\n\n\n\n<p class=\"has-text-align-center start__cta__subtitle wbt__title wbt__link\"><strong><a href=\"tel:+48502899390\">502 899 390<\/a><\/strong><\/p>\n<\/div>\n\n\n\n<div class=\"wp-block-column start__cta__col is-layout-flow wp-block-column-is-layout-flow\">\n<p class=\"has-text-align-center start__cta__title wbt__title\"><strong>PYTANIA I WYCENY<\/strong><\/p>\n\n\n\n<p class=\"has-text-align-center start__cta__content has-text-color has-link-color wp-elements-2b2e3bfcebd6b89686ccae41ef094481\" style=\"color:#545454\">Prze\u015blij swoj\u0105 wiadomo\u015b\u0107 na maila<\/p>\n\n\n\n<p class=\"has-text-align-center start__cta__subtitle wbt__title wbt__link\"><strong><a href=\"mailto:info@extraopona.pl\">info@extraopona.pl<\/a><\/strong><\/p>\n<\/div>\n\n\n\n<div class=\"wp-block-column start__cta__col has-white-color has-black-background-color has-text-color has-background has-link-color wp-elements-95e1c4e357daeae857eb5536f85cec25 is-layout-flow wp-block-column-is-layout-flow\">\n<p class=\"has-text-align-center start__cta__title wbt__title\"><strong>KUPUJ JESZCZE TANIEJ<\/strong><\/p>\n\n\n\n<p class=\"has-text-align-center start__cta__content\">Sprawd\u017a jak zosta\u0107 partnerem ze sta\u0142ym rabatem<\/p>\n\n\n\n<div class=\"wp-block-buttons is-content-justification-center is-layout-flex wp-container-core-buttons-is-layout-16018d1d wp-block-buttons-is-layout-flex\">\n<div class=\"wp-block-button start__cta__btn\"><a class=\"wp-block-button__link wp-element-button\" href=\"https:\/\/extraopona.nsfera.pl\/index.php\/strefa-partnera\/\">Sprawd\u017a<\/a><\/div>\n<\/div>\n<\/div>\n<\/div>\n<\/div><\/div>\n","protected":false},"excerpt":{"rendered":"<p>Od 10 lat dostarczamy opony oraz felgi stalowe i aluminiowe Zajmujemy si\u0119 hurtow\u0105 i detaliczn\u0105 sprzeda\u017c\u0105 opon nowych jako bezpo\u015bredni importer opon oraz sprzeda\u017c\u0105 felg aluminiowych i stalowych. Nasza oferta skierowana jest do klient\u00f3w indywidualnych oraz odbiorc\u00f3w hurtowych, dla kt\u00f3rych dostarczamy opony marek: Dzia\u0142alno\u015b\u0107 rozpocz\u0119li\u015bmy w 1998 roku. W 2017 roku nawi\u0105zali\u015bmy wsp\u00f3\u0142prace z du\u0144skim [&hellip;]<\/p>\n","protected":false},"author":1,"featured_media":0,"parent":0,"menu_order":0,"comment_status":"closed","ping_status":"closed","template":"","meta":{"footnotes":""},"class_list":["post-42","page","type-page","status-publish","hentry"],"_links":{"self":[{"href":"https:\/\/extraopona.nsfera.pl\/index.php\/wp-json\/wp\/v2\/pages\/42","targetHints":{"allow":["GET"]}}],"collection":[{"href":"https:\/\/extraopona.nsfera.pl\/index.php\/wp-json\/wp\/v2\/pages"}],"about":[{"href":"https:\/\/extraopona.nsfera.pl\/index.php\/wp-json\/wp\/v2\/types\/page"}],"author":[{"embeddable":true,"href":"https:\/\/extraopona.nsfera.pl\/index.php\/wp-json\/wp\/v2\/users\/1"}],"replies":[{"embeddable":true,"href":"https:\/\/extraopona.nsfera.pl\/index.php\/wp-json\/wp\/v2\/comments?post=42"}],"version-history":[{"count":25,"href":"https:\/\/extraopona.nsfera.pl\/index.php\/wp-json\/wp\/v2\/pages\/42\/revisions"}],"predecessor-version":[{"id":395,"href":"https:\/\/extraopona.nsfera.pl\/index.php\/wp-json\/wp\/v2\/pages\/42\/revisions\/395"}],"wp:attachment":[{"href":"https:\/\/extraopona.nsfera.pl\/index.php\/wp-json\/wp\/v2\/media?parent=42"}],"curies":[{"name":"wp","href":"https:\/\/api.w.org\/{rel}","templated":true}]}}